{"id":14198,"date":"2021-11-30T22:32:35","date_gmt":"2021-11-30T22:32:35","guid":{"rendered":"https:\/\/gamma-ar.com\/kontakt\/"},"modified":"2023-06-19T12:17:21","modified_gmt":"2023-06-19T12:17:21","slug":"kontakt","status":"publish","type":"page","link":"https:\/\/gamma-ar.com\/de\/kontakt\/","title":{"rendered":"Kontakt"},"content":{"rendered":"\t\t<div data-elementor-type=\"wp-page\" data-elementor-id=\"14198\" class=\"elementor elementor-14198 elementor-10867\" data-elementor-post-type=\"page\">\n\t\t\t\t\t\t<section class=\"elementor-section elementor-top-section elementor-element elementor-element-4ced11c0 elementor-section-height-min-height elementor-section-content-middle elementor-reverse-mobile elementor-section-boxed elementor-section-height-default elementor-section-items-middle\" data-id=\"4ced11c0\" data-element_type=\"section\" data-settings=\"{&quot;background_background&quot;:&quot;classic&quot;,&quot;shape_divider_bottom&quot;:&quot;triangle-asymmetrical&quot;}\">\n\t\t\t\t\t<div class=\"elementor-shape elementor-shape-bottom\" aria-hidden=\"true\" data-negative=\"false\">\n\t\t\t<svg xmlns=\"http:\/\/www.w3.org\/2000\/svg\" viewBox=\"0 0 1000 100\" preserveAspectRatio=\"none\">\n\t<path class=\"elementor-shape-fill\" d=\"M738,99l262-93V0H0v5.6L738,99z\"\/>\n<\/svg>\t\t<\/div>\n\t\t\t\t\t<div class=\"elementor-container elementor-column-gap-no\">\n\t\t\t\t\t<div class=\"elementor-column elementor-col-100 elementor-top-column elementor-element elementor-element-42d4f9d0\" data-id=\"42d4f9d0\" data-element_type=\"column\">\n\t\t\t<div class=\"elementor-widget-wrap elementor-element-populated\">\n\t\t\t\t\t\t<div class=\"elementor-element elementor-element-5b2df972 elementor-widget elementor-widget-heading\" data-id=\"5b2df972\" data-element_type=\"widget\" data-widget_type=\"heading.default\">\n\t\t\t\t<div class=\"elementor-widget-container\">\n\t\t\t\t\t<h1 class=\"elementor-heading-title elementor-size-default\"><span class=\"elementor-heading-title elementor-size-default elementor-inline-editing pen\" data-elementor-setting-key=\"title\" data-pen-placeholder=\"Eingabe hier...\" style=\"font-size: 40px;, var(--nv-fallback-ff)\">Kontaktieren Sie das GAMMA AR-Team<\/span><\/h1>\t\t\t\t<\/div>\n\t\t\t\t<\/div>\n\t\t\t\t\t<\/div>\n\t\t<\/div>\n\t\t\t\t\t<\/div>\n\t\t<\/section>\n\t\t\t\t<section class=\"elementor-section elementor-top-section elementor-element elementor-element-b59a61 elementor-section-content-middle elementor-section-boxed elementor-section-height-default elementor-section-height-default\" data-id=\"b59a61\" data-element_type=\"section\">\n\t\t\t\t\t\t<div class=\"elementor-container elementor-column-gap-no\">\n\t\t\t\t\t<div class=\"elementor-column elementor-col-100 elementor-top-column elementor-element elementor-element-40c46fc8\" data-id=\"40c46fc8\" data-element_type=\"column\">\n\t\t\t<div class=\"elementor-widget-wrap elementor-element-populated\">\n\t\t\t\t\t\t<div class=\"elementor-element elementor-element-e8a0b7d elementor-widget elementor-widget-text-editor\" data-id=\"e8a0b7d\" data-element_type=\"widget\" data-widget_type=\"text-editor.default\">\n\t\t\t\t<div class=\"elementor-widget-container\">\n\t\t\t\t\t\t\t\t\t<p>Ben\u00f6tigen Sie Hilfe bei der Baustellen-App oder w\u00fcnschen Sie sich eine kostenlose Pr\u00e4sentation von unserem Team? F\u00fcllen Sie das Formular aus und wir melden uns in K\u00fcrze bei Ihnen.<\/p>\n\t\t\t\t\t\t\t\t<\/div>\n\t\t\t\t<\/div>\n\t\t\t\t<div class=\"elementor-element elementor-element-d11ce8e elementor-widget elementor-widget-hubspot-form\" data-id=\"d11ce8e\" data-element_type=\"widget\" data-widget_type=\"hubspot-form.default\">\n\t\t\t\t<div class=\"elementor-widget-container\">\n\t\t\t\t\t\n\t\t\t\t\t\t<script>\n\t\t\t\t\t\t\twindow.hsFormsOnReady = window.hsFormsOnReady || [];\n\t\t\t\t\t\t\twindow.hsFormsOnReady.push(()=>{\n\t\t\t\t\t\t\t\thbspt.forms.create({\n\t\t\t\t\t\t\t\t\tportalId: 20231985,\n\t\t\t\t\t\t\t\t\tformId: \"b1ef1cd4-5eac-41b3-8140-31fff60c9921\",\n\t\t\t\t\t\t\t\t\ttarget: \"#hbspt-form-1777018382000-3236396910\",\n\t\t\t\t\t\t\t\t\tregion: \"eu1\",\n\t\t\t\t\t\t\t\t\t\n\t\t\t\t\t\t\t})});\n\t\t\t\t\t\t<\/script>\n\t\t\t\t\t\t<div class=\"hbspt-form\" id=\"hbspt-form-1777018382000-3236396910\"><\/div>\t\t\t\t<\/div>\n\t\t\t\t<\/div>\n\t\t\t\t\t<\/div>\n\t\t<\/div>\n\t\t\t\t\t<\/div>\n\t\t<\/section>\n\t\t\t\t<\/div>\n\t\t","protected":false},"excerpt":{"rendered":"<p>Kontaktieren Sie das GAMMA AR-Team Ben\u00f6tigen Sie Hilfe bei der Baustellen-App oder w\u00fcnschen Sie sich eine kostenlose Pr\u00e4sentation von unserem Team? F\u00fcllen Sie das Formular aus und wir melden uns in K\u00fcrze bei Ihnen.<\/p>\n","protected":false},"author":1,"featured_media":0,"parent":0,"menu_order":0,"comment_status":"closed","ping_status":"closed","template":"page-templates\/template-pagebuilder-full-width.php","meta":{"content-type":"","neve_meta_sidebar":"full-width","neve_meta_container":"","neve_meta_enable_content_width":"on","neve_meta_content_width":100,"neve_meta_title_alignment":"","neve_meta_author_avatar":"","neve_post_elements_order":"","neve_meta_disable_header":"","neve_meta_disable_footer":"","neve_meta_disable_title":"","footnotes":""},"class_list":["post-14198","page","type-page","status-publish","hentry"],"yoast_head":"<!-- This site is optimized with the Yoast SEO plugin v26.4 - https:\/\/yoast.com\/wordpress\/plugins\/seo\/ -->\n<title>Kontakt - GAMMA AR<\/title>\n<meta name=\"robots\" content=\"index, follow, max-snippet:-1, max-image-preview:large, max-video-preview:-1\" \/>\n<link rel=\"canonical\" href=\"https:\/\/gamma-ar.com\/de\/kontakt\/\" \/>\n<meta property=\"og:locale\" content=\"de_DE\" \/>\n<meta property=\"og:type\" content=\"article\" \/>\n<meta property=\"og:title\" content=\"Kontakt - GAMMA AR\" \/>\n<meta property=\"og:description\" content=\"Kontaktieren Sie das GAMMA AR-Team Ben\u00f6tigen Sie Hilfe bei der Baustellen-App oder w\u00fcnschen Sie sich eine kostenlose Pr\u00e4sentation von unserem Team? F\u00fcllen Sie das Formular aus und wir melden uns in K\u00fcrze bei Ihnen.\" \/>\n<meta property=\"og:url\" content=\"https:\/\/gamma-ar.com\/de\/kontakt\/\" \/>\n<meta property=\"og:site_name\" content=\"GAMMA AR\" \/>\n<meta property=\"article:publisher\" content=\"https:\/\/www.facebook.com\/gammaar\" \/>\n<meta property=\"article:modified_time\" content=\"2023-06-19T12:17:21+00:00\" \/>\n<meta property=\"og:image\" content=\"https:\/\/gamma-ar.com\/wp-content\/uploads\/2021\/12\/bim-ar-construction-app-porr-gamma-ar.jpg\" \/>\n\t<meta property=\"og:image:width\" content=\"1920\" \/>\n\t<meta property=\"og:image:height\" content=\"1280\" \/>\n\t<meta property=\"og:image:type\" content=\"image\/jpeg\" \/>\n<meta name=\"twitter:card\" content=\"summary_large_image\" \/>\n<meta name=\"twitter:site\" content=\"@ar_gamma\" \/>\n<meta name=\"twitter:label1\" content=\"Gesch\u00e4tzte Lesezeit\" \/>\n\t<meta name=\"twitter:data1\" content=\"1\u00a0Minute\" \/>\n<script type=\"application\/ld+json\" class=\"yoast-schema-graph\">{\"@context\":\"https:\/\/schema.org\",\"@graph\":[{\"@type\":\"WebPage\",\"@id\":\"https:\/\/gamma-ar.com\/de\/kontakt\/\",\"url\":\"https:\/\/gamma-ar.com\/de\/kontakt\/\",\"name\":\"Kontakt - GAMMA AR\",\"isPartOf\":{\"@id\":\"https:\/\/gamma-ar.com\/de\/#website\"},\"datePublished\":\"2021-11-30T22:32:35+00:00\",\"dateModified\":\"2023-06-19T12:17:21+00:00\",\"breadcrumb\":{\"@id\":\"https:\/\/gamma-ar.com\/de\/kontakt\/#breadcrumb\"},\"inLanguage\":\"de\",\"potentialAction\":[{\"@type\":\"ReadAction\",\"target\":[\"https:\/\/gamma-ar.com\/de\/kontakt\/\"]}]},{\"@type\":\"BreadcrumbList\",\"@id\":\"https:\/\/gamma-ar.com\/de\/kontakt\/#breadcrumb\",\"itemListElement\":[{\"@type\":\"ListItem\",\"position\":1,\"name\":\"Home\",\"item\":\"https:\/\/gamma-ar.com\/de\/?lang=de\"},{\"@type\":\"ListItem\",\"position\":2,\"name\":\"Kontakt\"}]},{\"@type\":\"WebSite\",\"@id\":\"https:\/\/gamma-ar.com\/de\/#website\",\"url\":\"https:\/\/gamma-ar.com\/de\/\",\"name\":\"GAMMA AR\",\"description\":\"BIM AR Construction App\",\"publisher\":{\"@id\":\"https:\/\/gamma-ar.com\/de\/#organization\"},\"potentialAction\":[{\"@type\":\"SearchAction\",\"target\":{\"@type\":\"EntryPoint\",\"urlTemplate\":\"https:\/\/gamma-ar.com\/de\/?s={search_term_string}\"},\"query-input\":{\"@type\":\"PropertyValueSpecification\",\"valueRequired\":true,\"valueName\":\"search_term_string\"}}],\"inLanguage\":\"de\"},{\"@type\":\"Organization\",\"@id\":\"https:\/\/gamma-ar.com\/de\/#organization\",\"name\":\"GAMMA AR\",\"url\":\"https:\/\/gamma-ar.com\/de\/\",\"logo\":{\"@type\":\"ImageObject\",\"inLanguage\":\"de\",\"@id\":\"https:\/\/gamma-ar.com\/de\/#\/schema\/logo\/image\/\",\"url\":\"https:\/\/gamma-ar.com\/wp-content\/uploads\/2021\/08\/gamma-ar-full-name-logo.png\",\"contentUrl\":\"https:\/\/gamma-ar.com\/wp-content\/uploads\/2021\/08\/gamma-ar-full-name-logo.png\",\"width\":1920,\"height\":336,\"caption\":\"GAMMA AR\"},\"image\":{\"@id\":\"https:\/\/gamma-ar.com\/de\/#\/schema\/logo\/image\/\"},\"sameAs\":[\"https:\/\/www.facebook.com\/gammaar\",\"https:\/\/x.com\/ar_gamma\",\"https:\/\/www.instagram.com\/gamma_ar\/\",\"https:\/\/www.linkedin.com\/company\/gamma-technologies-ar-bim\/\",\"https:\/\/www.youtube.com\/channel\/UC_1M64ySf72qjpFls3isrSg\"]}]}<\/script>\n<!-- \/ Yoast SEO plugin. -->","yoast_head_json":{"title":"Kontakt - GAMMA AR","robots":{"index":"index","follow":"follow","max-snippet":"max-snippet:-1","max-image-preview":"max-image-preview:large","max-video-preview":"max-video-preview:-1"},"canonical":"https:\/\/gamma-ar.com\/de\/kontakt\/","og_locale":"de_DE","og_type":"article","og_title":"Kontakt - GAMMA AR","og_description":"Kontaktieren Sie das GAMMA AR-Team Ben\u00f6tigen Sie Hilfe bei der Baustellen-App oder w\u00fcnschen Sie sich eine kostenlose Pr\u00e4sentation von unserem Team? F\u00fcllen Sie das Formular aus und wir melden uns in K\u00fcrze bei Ihnen.","og_url":"https:\/\/gamma-ar.com\/de\/kontakt\/","og_site_name":"GAMMA AR","article_publisher":"https:\/\/www.facebook.com\/gammaar","article_modified_time":"2023-06-19T12:17:21+00:00","og_image":[{"width":1920,"height":1280,"url":"https:\/\/gamma-ar.com\/wp-content\/uploads\/2021\/12\/bim-ar-construction-app-porr-gamma-ar.jpg","type":"image\/jpeg"}],"twitter_card":"summary_large_image","twitter_site":"@ar_gamma","twitter_misc":{"Gesch\u00e4tzte Lesezeit":"1\u00a0Minute"},"schema":{"@context":"https:\/\/schema.org","@graph":[{"@type":"WebPage","@id":"https:\/\/gamma-ar.com\/de\/kontakt\/","url":"https:\/\/gamma-ar.com\/de\/kontakt\/","name":"Kontakt - GAMMA AR","isPartOf":{"@id":"https:\/\/gamma-ar.com\/de\/#website"},"datePublished":"2021-11-30T22:32:35+00:00","dateModified":"2023-06-19T12:17:21+00:00","breadcrumb":{"@id":"https:\/\/gamma-ar.com\/de\/kontakt\/#breadcrumb"},"inLanguage":"de","potentialAction":[{"@type":"ReadAction","target":["https:\/\/gamma-ar.com\/de\/kontakt\/"]}]},{"@type":"BreadcrumbList","@id":"https:\/\/gamma-ar.com\/de\/kontakt\/#breadcrumb","itemListElement":[{"@type":"ListItem","position":1,"name":"Home","item":"https:\/\/gamma-ar.com\/de\/?lang=de"},{"@type":"ListItem","position":2,"name":"Kontakt"}]},{"@type":"WebSite","@id":"https:\/\/gamma-ar.com\/de\/#website","url":"https:\/\/gamma-ar.com\/de\/","name":"GAMMA AR","description":"BIM AR Construction App","publisher":{"@id":"https:\/\/gamma-ar.com\/de\/#organization"},"potentialAction":[{"@type":"SearchAction","target":{"@type":"EntryPoint","urlTemplate":"https:\/\/gamma-ar.com\/de\/?s={search_term_string}"},"query-input":{"@type":"PropertyValueSpecification","valueRequired":true,"valueName":"search_term_string"}}],"inLanguage":"de"},{"@type":"Organization","@id":"https:\/\/gamma-ar.com\/de\/#organization","name":"GAMMA AR","url":"https:\/\/gamma-ar.com\/de\/","logo":{"@type":"ImageObject","inLanguage":"de","@id":"https:\/\/gamma-ar.com\/de\/#\/schema\/logo\/image\/","url":"https:\/\/gamma-ar.com\/wp-content\/uploads\/2021\/08\/gamma-ar-full-name-logo.png","contentUrl":"https:\/\/gamma-ar.com\/wp-content\/uploads\/2021\/08\/gamma-ar-full-name-logo.png","width":1920,"height":336,"caption":"GAMMA AR"},"image":{"@id":"https:\/\/gamma-ar.com\/de\/#\/schema\/logo\/image\/"},"sameAs":["https:\/\/www.facebook.com\/gammaar","https:\/\/x.com\/ar_gamma","https:\/\/www.instagram.com\/gamma_ar\/","https:\/\/www.linkedin.com\/company\/gamma-technologies-ar-bim\/","https:\/\/www.youtube.com\/channel\/UC_1M64ySf72qjpFls3isrSg"]}]}},"_links":{"self":[{"href":"https:\/\/gamma-ar.com\/de\/wp-json\/wp\/v2\/pages\/14198","targetHints":{"allow":["GET"]}}],"collection":[{"href":"https:\/\/gamma-ar.com\/de\/wp-json\/wp\/v2\/pages"}],"about":[{"href":"https:\/\/gamma-ar.com\/de\/wp-json\/wp\/v2\/types\/page"}],"author":[{"embeddable":true,"href":"https:\/\/gamma-ar.com\/de\/wp-json\/wp\/v2\/users\/1"}],"replies":[{"embeddable":true,"href":"https:\/\/gamma-ar.com\/de\/wp-json\/wp\/v2\/comments?post=14198"}],"version-history":[{"count":6,"href":"https:\/\/gamma-ar.com\/de\/wp-json\/wp\/v2\/pages\/14198\/revisions"}],"predecessor-version":[{"id":23829,"href":"https:\/\/gamma-ar.com\/de\/wp-json\/wp\/v2\/pages\/14198\/revisions\/23829"}],"wp:attachment":[{"href":"https:\/\/gamma-ar.com\/de\/wp-json\/wp\/v2\/media?parent=14198"}],"curies":[{"name":"wp","href":"https:\/\/api.w.org\/{rel}","templated":true}]}}