{"id":14499,"date":"2021-12-08T15:15:04","date_gmt":"2021-12-08T15:15:04","guid":{"rendered":"https:\/\/gamma-ar.com\/sobre\/"},"modified":"2021-12-09T16:44:00","modified_gmt":"2021-12-09T16:44:00","slug":"sobre","status":"publish","type":"page","link":"https:\/\/gamma-ar.com\/es\/sobre\/","title":{"rendered":"Acerca de"},"content":{"rendered":"\t\t<div data-elementor-type=\"wp-page\" data-elementor-id=\"14499\" class=\"elementor elementor-14499 elementor-10751\" data-elementor-post-type=\"page\">\n\t\t\t\t\t\t<section class=\"elementor-section elementor-top-section elementor-element elementor-element-332cc012 elementor-section-height-min-height elementor-section-content-middle elementor-reverse-mobile elementor-section-boxed elementor-section-height-default elementor-section-items-middle\" data-id=\"332cc012\" data-element_type=\"section\" data-settings=\"{&quot;background_background&quot;:&quot;classic&quot;,&quot;shape_divider_bottom&quot;:&quot;triangle-asymmetrical&quot;}\">\n\t\t\t\t\t<div class=\"elementor-shape elementor-shape-bottom\" aria-hidden=\"true\" data-negative=\"false\">\n\t\t\t<svg xmlns=\"http:\/\/www.w3.org\/2000\/svg\" viewBox=\"0 0 1000 100\" preserveAspectRatio=\"none\">\n\t<path class=\"elementor-shape-fill\" d=\"M738,99l262-93V0H0v5.6L738,99z\"\/>\n<\/svg>\t\t<\/div>\n\t\t\t\t\t<div class=\"elementor-container elementor-column-gap-no\">\n\t\t\t\t\t<div class=\"elementor-column elementor-col-100 elementor-top-column elementor-element elementor-element-2fecf344\" data-id=\"2fecf344\" data-element_type=\"column\">\n\t\t\t<div class=\"elementor-widget-wrap elementor-element-populated\">\n\t\t\t\t\t\t<div class=\"elementor-element elementor-element-7c1d4dd7 elementor-widget elementor-widget-heading\" data-id=\"7c1d4dd7\" data-element_type=\"widget\" data-widget_type=\"heading.default\">\n\t\t\t\t<div class=\"elementor-widget-container\">\n\t\t\t\t\t<h1 class=\"elementor-heading-title elementor-size-default\">Sobre nosotros<\/h1>\t\t\t\t<\/div>\n\t\t\t\t<\/div>\n\t\t\t\t\t<\/div>\n\t\t<\/div>\n\t\t\t\t\t<\/div>\n\t\t<\/section>\n\t\t\t\t<section class=\"elementor-section elementor-top-section elementor-element elementor-element-2931b66 elementor-section-content-middle elementor-section-boxed elementor-section-height-default elementor-section-height-default\" data-id=\"2931b66\" data-element_type=\"section\">\n\t\t\t\t\t\t<div class=\"elementor-container elementor-column-gap-no\">\n\t\t\t\t\t<div class=\"elementor-column elementor-col-50 elementor-top-column elementor-element elementor-element-7c5b7f91\" data-id=\"7c5b7f91\" data-element_type=\"column\">\n\t\t\t<div class=\"elementor-widget-wrap elementor-element-populated\">\n\t\t\t\t\t\t<div class=\"elementor-element elementor-element-6c33bbc elementor-widget-divider--view-line elementor-widget elementor-widget-divider\" data-id=\"6c33bbc\" data-element_type=\"widget\" data-widget_type=\"divider.default\">\n\t\t\t\t<div class=\"elementor-widget-container\">\n\t\t\t\t\t\t\t<div class=\"elementor-divider\">\n\t\t\t<span class=\"elementor-divider-separator\">\n\t\t\t\t\t\t<\/span>\n\t\t<\/div>\n\t\t\t\t\t\t<\/div>\n\t\t\t\t<\/div>\n\t\t\t\t<div class=\"elementor-element elementor-element-6452b559 elementor-widget elementor-widget-heading\" data-id=\"6452b559\" data-element_type=\"widget\" data-widget_type=\"heading.default\">\n\t\t\t\t<div class=\"elementor-widget-container\">\n\t\t\t\t\t<h2 class=\"elementor-heading-title elementor-size-default\">Nuestra historia<\/h2>\t\t\t\t<\/div>\n\t\t\t\t<\/div>\n\t\t\t\t\t<\/div>\n\t\t<\/div>\n\t\t\t\t<div class=\"elementor-column elementor-col-50 elementor-top-column elementor-element elementor-element-2f0e123e\" data-id=\"2f0e123e\" data-element_type=\"column\">\n\t\t\t<div class=\"elementor-widget-wrap elementor-element-populated\">\n\t\t\t\t\t\t<div class=\"elementor-element elementor-element-59645865 elementor-widget elementor-widget-text-editor\" data-id=\"59645865\" data-element_type=\"widget\" data-widget_type=\"text-editor.default\">\n\t\t\t\t<div class=\"elementor-widget-container\">\n\t\t\t\t\t\t\t\t\t<p>Como arquitecto, <strong>Caner Dolas<\/strong> , CEO de <strong>GAMMA AR<\/strong> , conoce el trabajo de campo y sus complicaciones. En cuanto a <strong>Jayan Jevanesan<\/strong> , CTO de la empresa, su experiencia como inform\u00e1tico ayud\u00f3 a dar vida al producto al crear la aplicaci\u00f3n.<\/p><p>Gracias a sus experiencias personales y habilidades profesionales, crearon una aplicaci\u00f3n de construcci\u00f3n adaptada a las necesidades de arquitectos, BIM managers, jefes de obra, gerentes de construcci\u00f3n, ingenieros, project managers y todas las dem\u00e1s disciplinas involucradas en un proyecto.<\/p>\t\t\t\t\t\t\t\t<\/div>\n\t\t\t\t<\/div>\n\t\t\t\t\t<\/div>\n\t\t<\/div>\n\t\t\t\t\t<\/div>\n\t\t<\/section>\n\t\t\t\t<section class=\"elementor-section elementor-top-section elementor-element elementor-element-103c004 elementor-section-boxed elementor-section-height-default elementor-section-height-default\" data-id=\"103c004\" data-element_type=\"section\">\n\t\t\t\t\t\t<div class=\"elementor-container elementor-column-gap-default\">\n\t\t\t\t\t<div class=\"elementor-column elementor-col-100 elementor-top-column elementor-element elementor-element-4785c67\" data-id=\"4785c67\" data-element_type=\"column\">\n\t\t\t<div class=\"elementor-widget-wrap elementor-element-populated\">\n\t\t\t\t\t\t<div class=\"elementor-element elementor-element-6b14239 elementor-widget elementor-widget-heading\" data-id=\"6b14239\" data-element_type=\"widget\" data-widget_type=\"heading.default\">\n\t\t\t\t<div class=\"elementor-widget-container\">\n\t\t\t\t\t<h2 class=\"elementor-heading-title elementor-size-default\">GAMMA AR en cifras<\/h2>\t\t\t\t<\/div>\n\t\t\t\t<\/div>\n\t\t\t\t\t<\/div>\n\t\t<\/div>\n\t\t\t\t\t<\/div>\n\t\t<\/section>\n\t\t\t\t<section class=\"elementor-section elementor-top-section elementor-element elementor-element-8af98dd elementor-section-boxed elementor-section-height-default elementor-section-height-default\" data-id=\"8af98dd\" data-element_type=\"section\" data-settings=\"{&quot;background_background&quot;:&quot;classic&quot;}\">\n\t\t\t\t\t\t\t<div class=\"elementor-background-overlay\"><\/div>\n\t\t\t\t\t\t\t<div class=\"elementor-container elementor-column-gap-default\">\n\t\t\t\t\t<div class=\"elementor-column elementor-col-33 elementor-top-column elementor-element elementor-element-4cf259\" data-id=\"4cf259\" data-element_type=\"column\">\n\t\t\t<div class=\"elementor-widget-wrap elementor-element-populated\">\n\t\t\t\t\t\t<div class=\"elementor-element elementor-element-4f24f50f elementor-widget elementor-widget-counter\" data-id=\"4f24f50f\" data-element_type=\"widget\" data-widget_type=\"counter.default\">\n\t\t\t\t<div class=\"elementor-widget-container\">\n\t\t\t\t\t\t\t<div class=\"elementor-counter\">\n\t\t\t<div class=\"elementor-counter-title\">Pa\u00edses<\/div>\t\t\t<div class=\"elementor-counter-number-wrapper\">\n\t\t\t\t<span class=\"elementor-counter-number-prefix\"><\/span>\n\t\t\t\t<span class=\"elementor-counter-number\" data-duration=\"1500\" data-to-value=\"150\" data-from-value=\"\" data-delimiter=\",\"><\/span>\n\t\t\t\t<span class=\"elementor-counter-number-suffix\">+<\/span>\n\t\t\t<\/div>\n\t\t<\/div>\n\t\t\t\t\t\t<\/div>\n\t\t\t\t<\/div>\n\t\t\t\t\t<\/div>\n\t\t<\/div>\n\t\t\t\t<div class=\"elementor-column elementor-col-33 elementor-top-column elementor-element elementor-element-323b5d16\" data-id=\"323b5d16\" data-element_type=\"column\">\n\t\t\t<div class=\"elementor-widget-wrap elementor-element-populated\">\n\t\t\t\t\t\t<div class=\"elementor-element elementor-element-2280ff09 elementor-widget elementor-widget-counter\" data-id=\"2280ff09\" data-element_type=\"widget\" data-widget_type=\"counter.default\">\n\t\t\t\t<div class=\"elementor-widget-container\">\n\t\t\t\t\t\t\t<div class=\"elementor-counter\">\n\t\t\t<div class=\"elementor-counter-title\">Proyectos de construcci\u00f3n<\/div>\t\t\t<div class=\"elementor-counter-number-wrapper\">\n\t\t\t\t<span class=\"elementor-counter-number-prefix\"><\/span>\n\t\t\t\t<span class=\"elementor-counter-number\" data-duration=\"2000\" data-to-value=\"2400\" data-from-value=\"\" data-delimiter=\",\"><\/span>\n\t\t\t\t<span class=\"elementor-counter-number-suffix\">+<\/span>\n\t\t\t<\/div>\n\t\t<\/div>\n\t\t\t\t\t\t<\/div>\n\t\t\t\t<\/div>\n\t\t\t\t\t<\/div>\n\t\t<\/div>\n\t\t\t\t<div class=\"elementor-column elementor-col-33 elementor-top-column elementor-element elementor-element-30767e8b\" data-id=\"30767e8b\" data-element_type=\"column\">\n\t\t\t<div class=\"elementor-widget-wrap elementor-element-populated\">\n\t\t\t\t\t\t<div class=\"elementor-element elementor-element-37910020 elementor-widget elementor-widget-counter\" data-id=\"37910020\" data-element_type=\"widget\" data-widget_type=\"counter.default\">\n\t\t\t\t<div class=\"elementor-widget-container\">\n\t\t\t\t\t\t\t<div class=\"elementor-counter\">\n\t\t\t<div class=\"elementor-counter-title\">Nuevos proyectos, todos los meses<\/div>\t\t\t<div class=\"elementor-counter-number-wrapper\">\n\t\t\t\t<span class=\"elementor-counter-number-prefix\"><\/span>\n\t\t\t\t<span class=\"elementor-counter-number\" data-duration=\"2500\" data-to-value=\"100\" data-from-value=\"\" data-delimiter=\",\"><\/span>\n\t\t\t\t<span class=\"elementor-counter-number-suffix\">+<\/span>\n\t\t\t<\/div>\n\t\t<\/div>\n\t\t\t\t\t\t<\/div>\n\t\t\t\t<\/div>\n\t\t\t\t\t<\/div>\n\t\t<\/div>\n\t\t\t\t\t<\/div>\n\t\t<\/section>\n\t\t\t\t<section class=\"elementor-section elementor-top-section elementor-element elementor-element-07fa043 elementor-section-boxed elementor-section-height-default elementor-section-height-default\" data-id=\"07fa043\" data-element_type=\"section\">\n\t\t\t\t\t\t<div class=\"elementor-container elementor-column-gap-default\">\n\t\t\t\t\t<div class=\"elementor-column elementor-col-100 elementor-top-column elementor-element elementor-element-8babcba\" data-id=\"8babcba\" data-element_type=\"column\">\n\t\t\t<div class=\"elementor-widget-wrap elementor-element-populated\">\n\t\t\t\t\t\t<div class=\"elementor-element elementor-element-82e6b23 elementor-widget elementor-widget-heading\" data-id=\"82e6b23\" data-element_type=\"widget\" data-widget_type=\"heading.default\">\n\t\t\t\t<div class=\"elementor-widget-container\">\n\t\t\t\t\t<h2 class=\"elementor-heading-title elementor-size-default\">Conozca a los fundadores<\/h2>\t\t\t\t<\/div>\n\t\t\t\t<\/div>\n\t\t\t\t\t<\/div>\n\t\t<\/div>\n\t\t\t\t\t<\/div>\n\t\t<\/section>\n\t\t\t\t<section class=\"elementor-section elementor-top-section elementor-element elementor-element-437b45ef elementor-section-boxed elementor-section-height-default elementor-section-height-default\" data-id=\"437b45ef\" data-element_type=\"section\">\n\t\t\t\t\t\t<div class=\"elementor-container elementor-column-gap-default\">\n\t\t\t\t\t<div class=\"elementor-column elementor-col-50 elementor-top-column elementor-element elementor-element-439a99fb\" data-id=\"439a99fb\" data-element_type=\"column\">\n\t\t\t<div class=\"elementor-widget-wrap elementor-element-populated\">\n\t\t\t\t\t\t<div class=\"elementor-element elementor-element-31322073 elementor-position-top elementor-widget elementor-widget-image-box\" data-id=\"31322073\" data-element_type=\"widget\" data-widget_type=\"image-box.default\">\n\t\t\t\t<div class=\"elementor-widget-container\">\n\t\t\t\t\t<div class=\"elementor-image-box-wrapper\"><figure class=\"elementor-image-box-img\"><img fetchpriority=\"high\" decoding=\"async\" width=\"350\" height=\"350\" src=\"https:\/\/gamma-ar.com\/wp-content\/uploads\/2021\/11\/ceo-bim-construction-app-gamma-ar.png\" class=\"attachment-full size-full wp-image-13931\" alt=\"CEO of BIM construction app GAMMA AR\" srcset=\"https:\/\/gamma-ar.com\/wp-content\/uploads\/2021\/11\/ceo-bim-construction-app-gamma-ar.png 350w, https:\/\/gamma-ar.com\/wp-content\/uploads\/2021\/11\/ceo-bim-construction-app-gamma-ar-300x300.png 300w, https:\/\/gamma-ar.com\/wp-content\/uploads\/2021\/11\/ceo-bim-construction-app-gamma-ar-150x150.png 150w\" sizes=\"(max-width: 350px) 100vw, 350px\" \/><\/figure><div class=\"elementor-image-box-content\"><h3 class=\"elementor-image-box-title\">Caner Dolas<\/h3><p class=\"elementor-image-box-description\">CEO y cofundador<\/p><\/div><\/div>\t\t\t\t<\/div>\n\t\t\t\t<\/div>\n\t\t\t\t<div class=\"elementor-element elementor-element-1f185340 elementor-shape-circle e-grid-align-tablet-center elementor-grid-0 e-grid-align-center elementor-widget elementor-widget-social-icons\" data-id=\"1f185340\" data-element_type=\"widget\" data-widget_type=\"social-icons.default\">\n\t\t\t\t<div class=\"elementor-widget-container\">\n\t\t\t\t\t\t\t<div class=\"elementor-social-icons-wrapper elementor-grid\">\n\t\t\t\t\t\t\t<span class=\"elementor-grid-item\">\n\t\t\t\t\t<a class=\"elementor-icon elementor-social-icon elementor-social-icon-linkedin elementor-animation-pulse-grow elementor-repeater-item-9e694d0\" href=\"https:\/\/www.linkedin.com\/in\/caner-dolas-11678354\/\" target=\"_blank\">\n\t\t\t\t\t\t<span class=\"elementor-screen-only\">Linkedin<\/span>\n\t\t\t\t\t\t<svg aria-hidden=\"true\" class=\"e-font-icon-svg e-fab-linkedin\" viewBox=\"0 0 448 512\" xmlns=\"http:\/\/www.w3.org\/2000\/svg\"><path d=\"M416 32H31.9C14.3 32 0 46.5 0 64.3v383.4C0 465.5 14.3 480 31.9 480H416c17.6 0 32-14.5 32-32.3V64.3c0-17.8-14.4-32.3-32-32.3zM135.4 416H69V202.2h66.5V416zm-33.2-243c-21.3 0-38.5-17.3-38.5-38.5S80.9 96 102.2 96c21.2 0 38.5 17.3 38.5 38.5 0 21.3-17.2 38.5-38.5 38.5zm282.1 243h-66.4V312c0-24.8-.5-56.7-34.5-56.7-34.6 0-39.9 27-39.9 54.9V416h-66.4V202.2h63.7v29.2h.9c8.9-16.8 30.6-34.5 62.9-34.5 67.2 0 79.7 44.3 79.7 101.9V416z\"><\/path><\/svg>\t\t\t\t\t<\/a>\n\t\t\t\t<\/span>\n\t\t\t\t\t<\/div>\n\t\t\t\t\t\t<\/div>\n\t\t\t\t<\/div>\n\t\t\t\t\t<\/div>\n\t\t<\/div>\n\t\t\t\t<div class=\"elementor-column elementor-col-50 elementor-top-column elementor-element elementor-element-36a403c8\" data-id=\"36a403c8\" data-element_type=\"column\">\n\t\t\t<div class=\"elementor-widget-wrap elementor-element-populated\">\n\t\t\t\t\t\t<div class=\"elementor-element elementor-element-52b68638 elementor-position-top elementor-widget elementor-widget-image-box\" data-id=\"52b68638\" data-element_type=\"widget\" data-widget_type=\"image-box.default\">\n\t\t\t\t<div class=\"elementor-widget-container\">\n\t\t\t\t\t<div class=\"elementor-image-box-wrapper\"><figure class=\"elementor-image-box-img\"><img decoding=\"async\" width=\"350\" height=\"350\" src=\"https:\/\/gamma-ar.com\/wp-content\/uploads\/2021\/11\/cto-bim-construction-app-gamma-ar.png\" class=\"attachment-full size-full wp-image-13926\" alt=\"CTO de la aplicaci\u00f3n BIM Construction GAMMA AR\" srcset=\"https:\/\/gamma-ar.com\/wp-content\/uploads\/2021\/11\/cto-bim-construction-app-gamma-ar.png 350w, https:\/\/gamma-ar.com\/wp-content\/uploads\/2021\/11\/cto-bim-construction-app-gamma-ar-300x300.png 300w, https:\/\/gamma-ar.com\/wp-content\/uploads\/2021\/11\/cto-bim-construction-app-gamma-ar-150x150.png 150w\" sizes=\"(max-width: 350px) 100vw, 350px\" \/><\/figure><div class=\"elementor-image-box-content\"><h3 class=\"elementor-image-box-title\">Jayan Jevanesan<\/h3><p class=\"elementor-image-box-description\">CTO y cofundador<\/p><\/div><\/div>\t\t\t\t<\/div>\n\t\t\t\t<\/div>\n\t\t\t\t<div class=\"elementor-element elementor-element-7747fa7a elementor-shape-circle e-grid-align-tablet-center elementor-grid-0 e-grid-align-center elementor-widget elementor-widget-social-icons\" data-id=\"7747fa7a\" data-element_type=\"widget\" data-widget_type=\"social-icons.default\">\n\t\t\t\t<div class=\"elementor-widget-container\">\n\t\t\t\t\t\t\t<div class=\"elementor-social-icons-wrapper elementor-grid\">\n\t\t\t\t\t\t\t<span class=\"elementor-grid-item\">\n\t\t\t\t\t<a class=\"elementor-icon elementor-social-icon elementor-social-icon-linkedin elementor-animation-pulse-grow elementor-repeater-item-9e694d0\" href=\"https:\/\/www.linkedin.com\/in\/jayan-jevanesan-0a6579172\/\" target=\"_blank\">\n\t\t\t\t\t\t<span class=\"elementor-screen-only\">Linkedin<\/span>\n\t\t\t\t\t\t<svg aria-hidden=\"true\" class=\"e-font-icon-svg e-fab-linkedin\" viewBox=\"0 0 448 512\" xmlns=\"http:\/\/www.w3.org\/2000\/svg\"><path d=\"M416 32H31.9C14.3 32 0 46.5 0 64.3v383.4C0 465.5 14.3 480 31.9 480H416c17.6 0 32-14.5 32-32.3V64.3c0-17.8-14.4-32.3-32-32.3zM135.4 416H69V202.2h66.5V416zm-33.2-243c-21.3 0-38.5-17.3-38.5-38.5S80.9 96 102.2 96c21.2 0 38.5 17.3 38.5 38.5 0 21.3-17.2 38.5-38.5 38.5zm282.1 243h-66.4V312c0-24.8-.5-56.7-34.5-56.7-34.6 0-39.9 27-39.9 54.9V416h-66.4V202.2h63.7v29.2h.9c8.9-16.8 30.6-34.5 62.9-34.5 67.2 0 79.7 44.3 79.7 101.9V416z\"><\/path><\/svg>\t\t\t\t\t<\/a>\n\t\t\t\t<\/span>\n\t\t\t\t\t<\/div>\n\t\t\t\t\t\t<\/div>\n\t\t\t\t<\/div>\n\t\t\t\t\t<\/div>\n\t\t<\/div>\n\t\t\t\t\t<\/div>\n\t\t<\/section>\n\t\t\t\t<\/div>\n\t\t","protected":false},"excerpt":{"rendered":"<p>Sobre nosotros Nuestra historia Como arquitecto, Caner Dolas , CEO de GAMMA AR , conoce el trabajo de campo y sus complicaciones. En cuanto a Jayan Jevanesan , CTO de la empresa, su experiencia como inform\u00e1tico ayud\u00f3 a dar vida al producto al crear la aplicaci\u00f3n. Gracias a sus experiencias personales y habilidades profesionales, crearon&hellip;&nbsp;<a href=\"https:\/\/gamma-ar.com\/es\/sobre\/\" rel=\"bookmark\">Leer m\u00e1s &raquo;<span class=\"screen-reader-text\">Acerca de<\/span><\/a><\/p>\n","protected":false},"author":1,"featured_media":0,"parent":0,"menu_order":0,"comment_status":"closed","ping_status":"closed","template":"page-templates\/template-pagebuilder-full-width.php","meta":{"content-type":"","neve_meta_sidebar":"full-width","neve_meta_container":"","neve_meta_enable_content_width":"on","neve_meta_content_width":100,"neve_meta_title_alignment":"","neve_meta_author_avatar":"","neve_post_elements_order":"","neve_meta_disable_header":"","neve_meta_disable_footer":"","neve_meta_disable_title":"","footnotes":""},"class_list":["post-14499","page","type-page","status-publish","hentry"],"yoast_head":"<!-- This site is optimized with the Yoast SEO plugin v26.4 - https:\/\/yoast.com\/wordpress\/plugins\/seo\/ -->\n<title>Acerca de - GAMMA AR<\/title>\n<meta name=\"robots\" content=\"index, follow, max-snippet:-1, max-image-preview:large, max-video-preview:-1\" \/>\n<link rel=\"canonical\" href=\"https:\/\/gamma-ar.com\/es\/sobre\/\" \/>\n<meta property=\"og:locale\" content=\"es_ES\" \/>\n<meta property=\"og:type\" content=\"article\" \/>\n<meta property=\"og:title\" content=\"Acerca de - GAMMA AR\" \/>\n<meta property=\"og:description\" content=\"Sobre nosotros Nuestra historia Como arquitecto, Caner Dolas , CEO de GAMMA AR , conoce el trabajo de campo y sus complicaciones. En cuanto a Jayan Jevanesan , CTO de la empresa, su experiencia como inform\u00e1tico ayud\u00f3 a dar vida al producto al crear la aplicaci\u00f3n. Gracias a sus experiencias personales y habilidades profesionales, crearon&hellip;&nbsp;Leer m\u00e1s &raquo;Acerca de\" \/>\n<meta property=\"og:url\" content=\"https:\/\/gamma-ar.com\/es\/sobre\/\" \/>\n<meta property=\"og:site_name\" content=\"GAMMA AR\" \/>\n<meta property=\"article:publisher\" content=\"https:\/\/www.facebook.com\/gammaar\" \/>\n<meta property=\"article:modified_time\" content=\"2021-12-09T16:44:00+00:00\" \/>\n<meta property=\"og:image\" content=\"https:\/\/gamma-ar.com\/wp-content\/uploads\/2021\/11\/ceo-bim-construction-app-gamma-ar.png\" \/>\n<meta name=\"twitter:card\" content=\"summary_large_image\" \/>\n<meta name=\"twitter:site\" content=\"@ar_gamma\" \/>\n<meta name=\"twitter:label1\" content=\"Tiempo de lectura\" \/>\n\t<meta name=\"twitter:data1\" content=\"1 minuto\" \/>\n<script type=\"application\/ld+json\" class=\"yoast-schema-graph\">{\"@context\":\"https:\/\/schema.org\",\"@graph\":[{\"@type\":\"WebPage\",\"@id\":\"https:\/\/gamma-ar.com\/es\/sobre\/\",\"url\":\"https:\/\/gamma-ar.com\/es\/sobre\/\",\"name\":\"Acerca de - GAMMA AR\",\"isPartOf\":{\"@id\":\"https:\/\/gamma-ar.com\/es\/#website\"},\"primaryImageOfPage\":{\"@id\":\"https:\/\/gamma-ar.com\/es\/sobre\/#primaryimage\"},\"image\":{\"@id\":\"https:\/\/gamma-ar.com\/es\/sobre\/#primaryimage\"},\"thumbnailUrl\":\"https:\/\/gamma-ar.com\/wp-content\/uploads\/2021\/11\/ceo-bim-construction-app-gamma-ar.png\",\"datePublished\":\"2021-12-08T15:15:04+00:00\",\"dateModified\":\"2021-12-09T16:44:00+00:00\",\"breadcrumb\":{\"@id\":\"https:\/\/gamma-ar.com\/es\/sobre\/#breadcrumb\"},\"inLanguage\":\"es\",\"potentialAction\":[{\"@type\":\"ReadAction\",\"target\":[\"https:\/\/gamma-ar.com\/es\/sobre\/\"]}]},{\"@type\":\"ImageObject\",\"inLanguage\":\"es\",\"@id\":\"https:\/\/gamma-ar.com\/es\/sobre\/#primaryimage\",\"url\":\"https:\/\/gamma-ar.com\/wp-content\/uploads\/2021\/11\/ceo-bim-construction-app-gamma-ar.png\",\"contentUrl\":\"https:\/\/gamma-ar.com\/wp-content\/uploads\/2021\/11\/ceo-bim-construction-app-gamma-ar.png\"},{\"@type\":\"BreadcrumbList\",\"@id\":\"https:\/\/gamma-ar.com\/es\/sobre\/#breadcrumb\",\"itemListElement\":[{\"@type\":\"ListItem\",\"position\":1,\"name\":\"Home\",\"item\":\"https:\/\/gamma-ar.com\/es\/?lang=es\"},{\"@type\":\"ListItem\",\"position\":2,\"name\":\"Acerca de\"}]},{\"@type\":\"WebSite\",\"@id\":\"https:\/\/gamma-ar.com\/es\/#website\",\"url\":\"https:\/\/gamma-ar.com\/es\/\",\"name\":\"GAMMA AR\",\"description\":\"BIM AR Construction App\",\"publisher\":{\"@id\":\"https:\/\/gamma-ar.com\/es\/#organization\"},\"potentialAction\":[{\"@type\":\"SearchAction\",\"target\":{\"@type\":\"EntryPoint\",\"urlTemplate\":\"https:\/\/gamma-ar.com\/es\/?s={search_term_string}\"},\"query-input\":{\"@type\":\"PropertyValueSpecification\",\"valueRequired\":true,\"valueName\":\"search_term_string\"}}],\"inLanguage\":\"es\"},{\"@type\":\"Organization\",\"@id\":\"https:\/\/gamma-ar.com\/es\/#organization\",\"name\":\"GAMMA AR\",\"url\":\"https:\/\/gamma-ar.com\/es\/\",\"logo\":{\"@type\":\"ImageObject\",\"inLanguage\":\"es\",\"@id\":\"https:\/\/gamma-ar.com\/es\/#\/schema\/logo\/image\/\",\"url\":\"https:\/\/gamma-ar.com\/wp-content\/uploads\/2021\/08\/gamma-ar-full-name-logo.png\",\"contentUrl\":\"https:\/\/gamma-ar.com\/wp-content\/uploads\/2021\/08\/gamma-ar-full-name-logo.png\",\"width\":1920,\"height\":336,\"caption\":\"GAMMA AR\"},\"image\":{\"@id\":\"https:\/\/gamma-ar.com\/es\/#\/schema\/logo\/image\/\"},\"sameAs\":[\"https:\/\/www.facebook.com\/gammaar\",\"https:\/\/x.com\/ar_gamma\",\"https:\/\/www.instagram.com\/gamma_ar\/\",\"https:\/\/www.linkedin.com\/company\/gamma-technologies-ar-bim\/\",\"https:\/\/www.youtube.com\/channel\/UC_1M64ySf72qjpFls3isrSg\"]}]}<\/script>\n<!-- \/ Yoast SEO plugin. -->","yoast_head_json":{"title":"Acerca de - GAMMA AR","robots":{"index":"index","follow":"follow","max-snippet":"max-snippet:-1","max-image-preview":"max-image-preview:large","max-video-preview":"max-video-preview:-1"},"canonical":"https:\/\/gamma-ar.com\/es\/sobre\/","og_locale":"es_ES","og_type":"article","og_title":"Acerca de - GAMMA AR","og_description":"Sobre nosotros Nuestra historia Como arquitecto, Caner Dolas , CEO de GAMMA AR , conoce el trabajo de campo y sus complicaciones. En cuanto a Jayan Jevanesan , CTO de la empresa, su experiencia como inform\u00e1tico ayud\u00f3 a dar vida al producto al crear la aplicaci\u00f3n. Gracias a sus experiencias personales y habilidades profesionales, crearon&hellip;&nbsp;Leer m\u00e1s &raquo;Acerca de","og_url":"https:\/\/gamma-ar.com\/es\/sobre\/","og_site_name":"GAMMA AR","article_publisher":"https:\/\/www.facebook.com\/gammaar","article_modified_time":"2021-12-09T16:44:00+00:00","og_image":[{"url":"https:\/\/gamma-ar.com\/wp-content\/uploads\/2021\/11\/ceo-bim-construction-app-gamma-ar.png","type":"","width":"","height":""}],"twitter_card":"summary_large_image","twitter_site":"@ar_gamma","twitter_misc":{"Tiempo de lectura":"1 minuto"},"schema":{"@context":"https:\/\/schema.org","@graph":[{"@type":"WebPage","@id":"https:\/\/gamma-ar.com\/es\/sobre\/","url":"https:\/\/gamma-ar.com\/es\/sobre\/","name":"Acerca de - GAMMA AR","isPartOf":{"@id":"https:\/\/gamma-ar.com\/es\/#website"},"primaryImageOfPage":{"@id":"https:\/\/gamma-ar.com\/es\/sobre\/#primaryimage"},"image":{"@id":"https:\/\/gamma-ar.com\/es\/sobre\/#primaryimage"},"thumbnailUrl":"https:\/\/gamma-ar.com\/wp-content\/uploads\/2021\/11\/ceo-bim-construction-app-gamma-ar.png","datePublished":"2021-12-08T15:15:04+00:00","dateModified":"2021-12-09T16:44:00+00:00","breadcrumb":{"@id":"https:\/\/gamma-ar.com\/es\/sobre\/#breadcrumb"},"inLanguage":"es","potentialAction":[{"@type":"ReadAction","target":["https:\/\/gamma-ar.com\/es\/sobre\/"]}]},{"@type":"ImageObject","inLanguage":"es","@id":"https:\/\/gamma-ar.com\/es\/sobre\/#primaryimage","url":"https:\/\/gamma-ar.com\/wp-content\/uploads\/2021\/11\/ceo-bim-construction-app-gamma-ar.png","contentUrl":"https:\/\/gamma-ar.com\/wp-content\/uploads\/2021\/11\/ceo-bim-construction-app-gamma-ar.png"},{"@type":"BreadcrumbList","@id":"https:\/\/gamma-ar.com\/es\/sobre\/#breadcrumb","itemListElement":[{"@type":"ListItem","position":1,"name":"Home","item":"https:\/\/gamma-ar.com\/es\/?lang=es"},{"@type":"ListItem","position":2,"name":"Acerca de"}]},{"@type":"WebSite","@id":"https:\/\/gamma-ar.com\/es\/#website","url":"https:\/\/gamma-ar.com\/es\/","name":"GAMMA AR","description":"BIM AR Construction App","publisher":{"@id":"https:\/\/gamma-ar.com\/es\/#organization"},"potentialAction":[{"@type":"SearchAction","target":{"@type":"EntryPoint","urlTemplate":"https:\/\/gamma-ar.com\/es\/?s={search_term_string}"},"query-input":{"@type":"PropertyValueSpecification","valueRequired":true,"valueName":"search_term_string"}}],"inLanguage":"es"},{"@type":"Organization","@id":"https:\/\/gamma-ar.com\/es\/#organization","name":"GAMMA AR","url":"https:\/\/gamma-ar.com\/es\/","logo":{"@type":"ImageObject","inLanguage":"es","@id":"https:\/\/gamma-ar.com\/es\/#\/schema\/logo\/image\/","url":"https:\/\/gamma-ar.com\/wp-content\/uploads\/2021\/08\/gamma-ar-full-name-logo.png","contentUrl":"https:\/\/gamma-ar.com\/wp-content\/uploads\/2021\/08\/gamma-ar-full-name-logo.png","width":1920,"height":336,"caption":"GAMMA AR"},"image":{"@id":"https:\/\/gamma-ar.com\/es\/#\/schema\/logo\/image\/"},"sameAs":["https:\/\/www.facebook.com\/gammaar","https:\/\/x.com\/ar_gamma","https:\/\/www.instagram.com\/gamma_ar\/","https:\/\/www.linkedin.com\/company\/gamma-technologies-ar-bim\/","https:\/\/www.youtube.com\/channel\/UC_1M64ySf72qjpFls3isrSg"]}]}},"_links":{"self":[{"href":"https:\/\/gamma-ar.com\/es\/wp-json\/wp\/v2\/pages\/14499","targetHints":{"allow":["GET"]}}],"collection":[{"href":"https:\/\/gamma-ar.com\/es\/wp-json\/wp\/v2\/pages"}],"about":[{"href":"https:\/\/gamma-ar.com\/es\/wp-json\/wp\/v2\/types\/page"}],"author":[{"embeddable":true,"href":"https:\/\/gamma-ar.com\/es\/wp-json\/wp\/v2\/users\/1"}],"replies":[{"embeddable":true,"href":"https:\/\/gamma-ar.com\/es\/wp-json\/wp\/v2\/comments?post=14499"}],"version-history":[{"count":9,"href":"https:\/\/gamma-ar.com\/es\/wp-json\/wp\/v2\/pages\/14499\/revisions"}],"predecessor-version":[{"id":14873,"href":"https:\/\/gamma-ar.com\/es\/wp-json\/wp\/v2\/pages\/14499\/revisions\/14873"}],"wp:attachment":[{"href":"https:\/\/gamma-ar.com\/es\/wp-json\/wp\/v2\/media?parent=14499"}],"curies":[{"name":"wp","href":"https:\/\/api.w.org\/{rel}","templated":true}]}}