{"id":13508,"date":"2021-11-24T14:35:44","date_gmt":"2021-11-24T14:35:44","guid":{"rendered":"https:\/\/gamma-ar.com\/blog-2\/"},"modified":"2022-09-08T09:41:58","modified_gmt":"2022-09-08T09:41:58","slug":"blog","status":"publish","type":"page","link":"https:\/\/gamma-ar.com\/fr\/blog\/","title":{"rendered":"Blog"},"content":{"rendered":"\t\t<div data-elementor-type=\"wp-page\" data-elementor-id=\"13508\" class=\"elementor elementor-13508 elementor-11135\" data-elementor-post-type=\"page\">\n\t\t\t\t\t\t<section class=\"elementor-section elementor-top-section elementor-element elementor-element-520990 elementor-section-height-min-height elementor-section-content-middle elementor-reverse-mobile elementor-section-boxed elementor-section-height-default elementor-section-items-middle\" data-id=\"520990\" data-element_type=\"section\" data-settings=\"{&quot;background_background&quot;:&quot;classic&quot;,&quot;shape_divider_bottom&quot;:&quot;triangle-asymmetrical&quot;}\">\n\t\t\t\t\t<div class=\"elementor-shape elementor-shape-bottom\" aria-hidden=\"true\" data-negative=\"false\">\n\t\t\t<svg xmlns=\"http:\/\/www.w3.org\/2000\/svg\" viewBox=\"0 0 1000 100\" preserveAspectRatio=\"none\">\n\t<path class=\"elementor-shape-fill\" d=\"M738,99l262-93V0H0v5.6L738,99z\"\/>\n<\/svg>\t\t<\/div>\n\t\t\t\t\t<div class=\"elementor-container elementor-column-gap-no\">\n\t\t\t\t\t<div class=\"elementor-column elementor-col-100 elementor-top-column elementor-element elementor-element-1acd7416\" data-id=\"1acd7416\" data-element_type=\"column\">\n\t\t\t<div class=\"elementor-widget-wrap elementor-element-populated\">\n\t\t\t\t\t\t<div class=\"elementor-element elementor-element-6eba09fc elementor-widget elementor-widget-heading\" data-id=\"6eba09fc\" data-element_type=\"widget\" data-widget_type=\"heading.default\">\n\t\t\t\t<div class=\"elementor-widget-container\">\n\t\t\t\t\t<h1 class=\"elementor-heading-title elementor-size-default\">Le blog de la construction num\u00e9rique<\/h1>\t\t\t\t<\/div>\n\t\t\t\t<\/div>\n\t\t\t\t\t<\/div>\n\t\t<\/div>\n\t\t\t\t\t<\/div>\n\t\t<\/section>\n\t\t\t\t<section class=\"elementor-section elementor-top-section elementor-element elementor-element-d16b511 elementor-section-boxed elementor-section-height-default elementor-section-height-default\" data-id=\"d16b511\" data-element_type=\"section\">\n\t\t\t\t\t\t<div class=\"elementor-container elementor-column-gap-default\">\n\t\t\t\t\t<div class=\"elementor-column elementor-col-66 elementor-top-column elementor-element elementor-element-fc245ce\" data-id=\"fc245ce\" data-element_type=\"column\">\n\t\t\t<div class=\"elementor-widget-wrap elementor-element-populated\">\n\t\t\t\t\t\t<div class=\"elementor-element elementor-element-f07f238 elementor-grid-2 elementor-grid-tablet-2 elementor-grid-mobile-1 elementor-posts--thumbnail-top elementor-widget elementor-widget-posts\" data-id=\"f07f238\" data-element_type=\"widget\" data-settings=\"{&quot;classic_columns&quot;:&quot;2&quot;,&quot;classic_columns_tablet&quot;:&quot;2&quot;,&quot;classic_columns_mobile&quot;:&quot;1&quot;,&quot;classic_row_gap&quot;:{&quot;unit&quot;:&quot;px&quot;,&quot;size&quot;:35,&quot;sizes&quot;:[]},&quot;classic_row_gap_tablet&quot;:{&quot;unit&quot;:&quot;px&quot;,&quot;size&quot;:&quot;&quot;,&quot;sizes&quot;:[]},&quot;classic_row_gap_mobile&quot;:{&quot;unit&quot;:&quot;px&quot;,&quot;size&quot;:&quot;&quot;,&quot;sizes&quot;:[]}}\" data-widget_type=\"posts.classic\">\n\t\t\t\t<div class=\"elementor-widget-container\">\n\t\t\t\t\t\t\t<div class=\"elementor-posts-container elementor-posts elementor-posts--skin-classic elementor-grid\" role=\"list\">\n\t\t\t\t<article class=\"elementor-post elementor-grid-item post-30258 post type-post status-publish format-standard has-post-thumbnail hentry category-19 tag-cas-client\" role=\"listitem\">\n\t\t\t\t<a class=\"elementor-post__thumbnail__link\" href=\"https:\/\/gamma-ar.com\/fr\/iter-la-realite-augmentee-au-coeur-du-plus-grand-projet-de-fusion-au-monde\/\" tabindex=\"-1\" >\n\t\t\t<div class=\"elementor-post__thumbnail\"><img fetchpriority=\"high\" decoding=\"async\" width=\"2500\" height=\"1308\" src=\"https:\/\/gamma-ar.com\/wp-content\/uploads\/2026\/01\/ITER-Feature-Image.webp\" class=\"attachment-full size-full wp-image-30250\" alt=\"ITER Logo\" srcset=\"https:\/\/gamma-ar.com\/wp-content\/uploads\/2026\/01\/ITER-Feature-Image.webp 2500w, https:\/\/gamma-ar.com\/wp-content\/uploads\/2026\/01\/ITER-Feature-Image-300x157.webp 300w, https:\/\/gamma-ar.com\/wp-content\/uploads\/2026\/01\/ITER-Feature-Image-1024x536.webp 1024w, https:\/\/gamma-ar.com\/wp-content\/uploads\/2026\/01\/ITER-Feature-Image-768x402.webp 768w, https:\/\/gamma-ar.com\/wp-content\/uploads\/2026\/01\/ITER-Feature-Image-1536x804.webp 1536w, https:\/\/gamma-ar.com\/wp-content\/uploads\/2026\/01\/ITER-Feature-Image-2048x1072.webp 2048w\" sizes=\"(max-width: 2500px) 100vw, 2500px\" \/><\/div>\n\t\t<\/a>\n\t\t\t\t<div class=\"elementor-post__text\">\n\t\t\t\t<h3 class=\"elementor-post__title\">\n\t\t\t<a href=\"https:\/\/gamma-ar.com\/fr\/iter-la-realite-augmentee-au-coeur-du-plus-grand-projet-de-fusion-au-monde\/\" >\n\t\t\t\tITER\u202f: la r\u00e9alit\u00e9 augment\u00e9e au c\u0153ur du plus grand projet de fusion au monde\t\t\t<\/a>\n\t\t<\/h3>\n\t\t\t\t<div class=\"elementor-post__meta-data\">\n\t\t\t\t\t<span class=\"elementor-post-date\">\n\t\t\tjanvier 20, 2026\t\t<\/span>\n\t\t\t\t<\/div>\n\t\t\t\t<\/div>\n\t\t\t\t<\/article>\n\t\t\t\t<article class=\"elementor-post elementor-grid-item post-30069 post type-post status-publish format-standard has-post-thumbnail hentry category-news\" role=\"listitem\">\n\t\t\t\t<a class=\"elementor-post__thumbnail__link\" href=\"https:\/\/gamma-ar.com\/fr\/contech-from-niche-to-the-place-to-be\/\" tabindex=\"-1\" >\n\t\t\t<div class=\"elementor-post__thumbnail\"><img decoding=\"async\" width=\"1200\" height=\"675\" src=\"https:\/\/gamma-ar.com\/wp-content\/uploads\/2025\/10\/BlogPost_ConTech_Image-copy.webp\" class=\"attachment-full size-full wp-image-30103\" alt=\"Image of GAMMA AR on tablet on a construction site\" srcset=\"https:\/\/gamma-ar.com\/wp-content\/uploads\/2025\/10\/BlogPost_ConTech_Image-copy.webp 1200w, https:\/\/gamma-ar.com\/wp-content\/uploads\/2025\/10\/BlogPost_ConTech_Image-copy-300x169.webp 300w, https:\/\/gamma-ar.com\/wp-content\/uploads\/2025\/10\/BlogPost_ConTech_Image-copy-1024x576.webp 1024w, https:\/\/gamma-ar.com\/wp-content\/uploads\/2025\/10\/BlogPost_ConTech_Image-copy-768x432.webp 768w\" sizes=\"(max-width: 1200px) 100vw, 1200px\" \/><\/div>\n\t\t<\/a>\n\t\t\t\t<div class=\"elementor-post__text\">\n\t\t\t\t<h3 class=\"elementor-post__title\">\n\t\t\t<a href=\"https:\/\/gamma-ar.com\/fr\/contech-from-niche-to-the-place-to-be\/\" >\n\t\t\t\tConTech: From Niche to The Place To Be\t\t\t<\/a>\n\t\t<\/h3>\n\t\t\t\t<div class=\"elementor-post__meta-data\">\n\t\t\t\t\t<span class=\"elementor-post-date\">\n\t\t\toctobre 10, 2025\t\t<\/span>\n\t\t\t\t<\/div>\n\t\t\t\t<\/div>\n\t\t\t\t<\/article>\n\t\t\t\t<article class=\"elementor-post elementor-grid-item post-29346 post type-post status-publish format-standard has-post-thumbnail hentry category-news tag-case-study\" role=\"listitem\">\n\t\t\t\t<a class=\"elementor-post__thumbnail__link\" href=\"https:\/\/gamma-ar.com\/fr\/batson-cook-construction-case-study\/\" tabindex=\"-1\" >\n\t\t\t<div class=\"elementor-post__thumbnail\"><img decoding=\"async\" width=\"2500\" height=\"1308\" src=\"https:\/\/gamma-ar.com\/wp-content\/uploads\/2025\/08\/CaseStudy-Feature-Image-copy.webp\" class=\"attachment-full size-full wp-image-29426\" alt=\"Batson Cook using GAMMA AR on the construction site\" srcset=\"https:\/\/gamma-ar.com\/wp-content\/uploads\/2025\/08\/CaseStudy-Feature-Image-copy.webp 2500w, https:\/\/gamma-ar.com\/wp-content\/uploads\/2025\/08\/CaseStudy-Feature-Image-copy-300x157.webp 300w, https:\/\/gamma-ar.com\/wp-content\/uploads\/2025\/08\/CaseStudy-Feature-Image-copy-1024x536.webp 1024w, https:\/\/gamma-ar.com\/wp-content\/uploads\/2025\/08\/CaseStudy-Feature-Image-copy-768x402.webp 768w, https:\/\/gamma-ar.com\/wp-content\/uploads\/2025\/08\/CaseStudy-Feature-Image-copy-1536x804.webp 1536w, https:\/\/gamma-ar.com\/wp-content\/uploads\/2025\/08\/CaseStudy-Feature-Image-copy-2048x1072.webp 2048w\" sizes=\"(max-width: 2500px) 100vw, 2500px\" \/><\/div>\n\t\t<\/a>\n\t\t\t\t<div class=\"elementor-post__text\">\n\t\t\t\t<h3 class=\"elementor-post__title\">\n\t\t\t<a href=\"https:\/\/gamma-ar.com\/fr\/batson-cook-construction-case-study\/\" >\n\t\t\t\tBatson Cook Streamlines Hospital MEP Coordination with AR Technology\t\t\t<\/a>\n\t\t<\/h3>\n\t\t\t\t<div class=\"elementor-post__meta-data\">\n\t\t\t\t\t<span class=\"elementor-post-date\">\n\t\t\tao\u00fbt 29, 2025\t\t<\/span>\n\t\t\t\t<\/div>\n\t\t\t\t<\/div>\n\t\t\t\t<\/article>\n\t\t\t\t<article class=\"elementor-post elementor-grid-item post-29070 post type-post status-publish format-standard has-post-thumbnail hentry category-news\" role=\"listitem\">\n\t\t\t\t<a class=\"elementor-post__thumbnail__link\" href=\"https:\/\/gamma-ar.com\/fr\/how-gamma-ar-brings-gnss-to-the-construction-site\/\" tabindex=\"-1\" >\n\t\t\t<div class=\"elementor-post__thumbnail\"><img loading=\"lazy\" decoding=\"async\" width=\"1200\" height=\"627\" src=\"https:\/\/gamma-ar.com\/wp-content\/uploads\/2025\/08\/gamma-ar-brings-gnss-in-construction-jayan-jevanesan.webp\" class=\"attachment-full size-full wp-image-29306\" alt=\"Jayan Jevanesan of GAMMA AR with GNSS on construction site\" srcset=\"https:\/\/gamma-ar.com\/wp-content\/uploads\/2025\/08\/gamma-ar-brings-gnss-in-construction-jayan-jevanesan.webp 1200w, https:\/\/gamma-ar.com\/wp-content\/uploads\/2025\/08\/gamma-ar-brings-gnss-in-construction-jayan-jevanesan-300x157.webp 300w, https:\/\/gamma-ar.com\/wp-content\/uploads\/2025\/08\/gamma-ar-brings-gnss-in-construction-jayan-jevanesan-1024x535.webp 1024w, https:\/\/gamma-ar.com\/wp-content\/uploads\/2025\/08\/gamma-ar-brings-gnss-in-construction-jayan-jevanesan-768x401.webp 768w\" sizes=\"(max-width: 1200px) 100vw, 1200px\" \/><\/div>\n\t\t<\/a>\n\t\t\t\t<div class=\"elementor-post__text\">\n\t\t\t\t<h3 class=\"elementor-post__title\">\n\t\t\t<a href=\"https:\/\/gamma-ar.com\/fr\/how-gamma-ar-brings-gnss-to-the-construction-site\/\" >\n\t\t\t\tHow GAMMA AR Brings GNSS to the Construction Site\t\t\t<\/a>\n\t\t<\/h3>\n\t\t\t\t<div class=\"elementor-post__meta-data\">\n\t\t\t\t\t<span class=\"elementor-post-date\">\n\t\t\tao\u00fbt 27, 2025\t\t<\/span>\n\t\t\t\t<\/div>\n\t\t\t\t<\/div>\n\t\t\t\t<\/article>\n\t\t\t\t<article class=\"elementor-post elementor-grid-item post-28996 post type-post status-publish format-standard has-post-thumbnail hentry category-news\" role=\"listitem\">\n\t\t\t\t<a class=\"elementor-post__thumbnail__link\" href=\"https:\/\/gamma-ar.com\/fr\/ultimate-guide-pilot-project-construction-gamma-ar\/\" tabindex=\"-1\" >\n\t\t\t<div class=\"elementor-post__thumbnail\"><img loading=\"lazy\" decoding=\"async\" width=\"1200\" height=\"628\" src=\"https:\/\/gamma-ar.com\/wp-content\/uploads\/2025\/08\/porr-pde-semmering-tunnel-gnss-gamma-ar.webp\" class=\"attachment-full size-full wp-image-28997\" alt=\"PORR PDE using GNSS GAMMA AR on Semmering Tunnel project in Austria\" srcset=\"https:\/\/gamma-ar.com\/wp-content\/uploads\/2025\/08\/porr-pde-semmering-tunnel-gnss-gamma-ar.webp 1200w, https:\/\/gamma-ar.com\/wp-content\/uploads\/2025\/08\/porr-pde-semmering-tunnel-gnss-gamma-ar-300x157.webp 300w, https:\/\/gamma-ar.com\/wp-content\/uploads\/2025\/08\/porr-pde-semmering-tunnel-gnss-gamma-ar-1024x536.webp 1024w, https:\/\/gamma-ar.com\/wp-content\/uploads\/2025\/08\/porr-pde-semmering-tunnel-gnss-gamma-ar-768x402.webp 768w\" sizes=\"(max-width: 1200px) 100vw, 1200px\" \/><\/div>\n\t\t<\/a>\n\t\t\t\t<div class=\"elementor-post__text\">\n\t\t\t\t<h3 class=\"elementor-post__title\">\n\t\t\t<a href=\"https:\/\/gamma-ar.com\/fr\/ultimate-guide-pilot-project-construction-gamma-ar\/\" >\n\t\t\t\tUltimate guide: How to successfully run a Pilot Project in Construction\t\t\t<\/a>\n\t\t<\/h3>\n\t\t\t\t<div class=\"elementor-post__meta-data\">\n\t\t\t\t\t<span class=\"elementor-post-date\">\n\t\t\tao\u00fbt 7, 2025\t\t<\/span>\n\t\t\t\t<\/div>\n\t\t\t\t<\/div>\n\t\t\t\t<\/article>\n\t\t\t\t<article class=\"elementor-post elementor-grid-item post-28515 post type-post status-publish format-standard has-post-thumbnail hentry category-news\" role=\"listitem\">\n\t\t\t\t<a class=\"elementor-post__thumbnail__link\" href=\"https:\/\/gamma-ar.com\/fr\/foresight-is-better-than-hindsight-caner-dolas\/\" tabindex=\"-1\" >\n\t\t\t<div class=\"elementor-post__thumbnail\"><img loading=\"lazy\" decoding=\"async\" width=\"1201\" height=\"629\" src=\"https:\/\/gamma-ar.com\/wp-content\/uploads\/2025\/07\/kane-group-using-gamma-ar.webp\" class=\"attachment-full size-full wp-image-28522\" alt=\"Kane Group using GAMMA AR, an augmented reality solution for construction on the site\" srcset=\"https:\/\/gamma-ar.com\/wp-content\/uploads\/2025\/07\/kane-group-using-gamma-ar.webp 1201w, https:\/\/gamma-ar.com\/wp-content\/uploads\/2025\/07\/kane-group-using-gamma-ar-300x157.webp 300w, https:\/\/gamma-ar.com\/wp-content\/uploads\/2025\/07\/kane-group-using-gamma-ar-1024x536.webp 1024w, https:\/\/gamma-ar.com\/wp-content\/uploads\/2025\/07\/kane-group-using-gamma-ar-768x402.webp 768w, https:\/\/gamma-ar.com\/wp-content\/uploads\/2025\/07\/elementor\/thumbs\/kane-group-using-gamma-ar-150x150.webp 1200w\" sizes=\"(max-width: 1201px) 100vw, 1201px\" \/><\/div>\n\t\t<\/a>\n\t\t\t\t<div class=\"elementor-post__text\">\n\t\t\t\t<h3 class=\"elementor-post__title\">\n\t\t\t<a href=\"https:\/\/gamma-ar.com\/fr\/foresight-is-better-than-hindsight-caner-dolas\/\" >\n\t\t\t\tForesight is better than hindsight\t\t\t<\/a>\n\t\t<\/h3>\n\t\t\t\t<div class=\"elementor-post__meta-data\">\n\t\t\t\t\t<span class=\"elementor-post-date\">\n\t\t\tjuillet 22, 2025\t\t<\/span>\n\t\t\t\t<\/div>\n\t\t\t\t<\/div>\n\t\t\t\t<\/article>\n\t\t\t\t<\/div>\n\t\t\n\t\t\t\t\t\t<\/div>\n\t\t\t\t<\/div>\n\t\t\t\t\t<\/div>\n\t\t<\/div>\n\t\t\t\t<div class=\"elementor-column elementor-col-33 elementor-top-column elementor-element elementor-element-081f43a\" data-id=\"081f43a\" data-element_type=\"column\">\n\t\t\t<div class=\"elementor-widget-wrap elementor-element-populated\">\n\t\t\t\t\t\t<div class=\"elementor-element elementor-element-c063c3f elementor-widget elementor-widget-wp-widget-categories\" data-id=\"c063c3f\" data-element_type=\"widget\" data-widget_type=\"wp-widget-categories.default\">\n\t\t\t\t<div class=\"elementor-widget-container\">\n\t\t\t\t\t<h5>Cat\u00e9gories<\/h5>\n\t\t\t<ul>\n\t\t\t\t\t<li class=\"cat-item cat-item-19\"><a href=\"https:\/\/gamma-ar.com\/fr\/category\/19\/\">&#8211;<\/a> (7)\n<\/li>\n\t<li class=\"cat-item cat-item-46\"><a href=\"https:\/\/gamma-ar.com\/fr\/category\/contenu-educatif\/bim-fr\/\">BIM<\/a> (1)\n<\/li>\n\t<li class=\"cat-item cat-item-44\"><a href=\"https:\/\/gamma-ar.com\/fr\/category\/contenu-educatif\/\">Contenu \u00e9ducatif<\/a> (3)\n<\/li>\n\t<li class=\"cat-item cat-item-47\"><a href=\"https:\/\/gamma-ar.com\/fr\/category\/gamma-ar-news\/\">GAMMA AR News<\/a> (1)\n<\/li>\n\t<li class=\"cat-item cat-item-45\"><a href=\"https:\/\/gamma-ar.com\/fr\/category\/contenu-educatif\/realite-augmentee\/\">R\u00e9alit\u00e9 Augment\u00e9e<\/a> (1)\n<\/li>\n\t<li class=\"cat-item cat-item-48\"><a href=\"https:\/\/gamma-ar.com\/fr\/category\/gamma-ar-news\/utilisation-de-gamma-ar\/\">Utilisation de GAMMA AR<\/a> (1)\n<\/li>\n\t\t\t<\/ul>\n\n\t\t\t\t\t\t\t<\/div>\n\t\t\t\t<\/div>\n\t\t\t\t\t<\/div>\n\t\t<\/div>\n\t\t\t\t\t<\/div>\n\t\t<\/section>\n\t\t\t\t<\/div>\n\t\t","protected":false},"excerpt":{"rendered":"<p>Le blog de la construction num\u00e9rique<\/p>\n","protected":false},"author":1,"featured_media":0,"parent":0,"menu_order":0,"comment_status":"closed","ping_status":"closed","template":"elementor_header_footer","meta":{"content-type":"","neve_meta_sidebar":"full-width","neve_meta_container":"","neve_meta_enable_content_width":"on","neve_meta_content_width":100,"neve_meta_title_alignment":"","neve_meta_author_avatar":"","neve_post_elements_order":"","neve_meta_disable_header":"","neve_meta_disable_footer":"","neve_meta_disable_title":"","footnotes":""},"class_list":["post-13508","page","type-page","status-publish","hentry"],"yoast_head":"<!-- This site is optimized with the Yoast SEO plugin v26.4 - https:\/\/yoast.com\/wordpress\/plugins\/seo\/ -->\n<title>Blog - GAMMA AR<\/title>\n<meta name=\"robots\" content=\"index, follow, max-snippet:-1, max-image-preview:large, max-video-preview:-1\" \/>\n<link rel=\"canonical\" href=\"https:\/\/gamma-ar.com\/fr\/blog\/\" \/>\n<meta property=\"og:locale\" content=\"fr_FR\" \/>\n<meta property=\"og:type\" content=\"article\" \/>\n<meta property=\"og:title\" content=\"Blog - GAMMA AR\" \/>\n<meta property=\"og:description\" content=\"Le blog de la construction num\u00e9rique\" \/>\n<meta property=\"og:url\" content=\"https:\/\/gamma-ar.com\/fr\/blog\/\" \/>\n<meta property=\"og:site_name\" content=\"GAMMA AR\" \/>\n<meta property=\"article:publisher\" content=\"https:\/\/www.facebook.com\/gammaar\" \/>\n<meta property=\"article:modified_time\" content=\"2022-09-08T09:41:58+00:00\" \/>\n<meta property=\"og:image\" content=\"https:\/\/gamma-ar.com\/wp-content\/uploads\/2021\/12\/bim-ar-construction-app-porr-gamma-ar.jpg\" \/>\n\t<meta property=\"og:image:width\" content=\"1920\" \/>\n\t<meta property=\"og:image:height\" content=\"1280\" \/>\n\t<meta property=\"og:image:type\" content=\"image\/jpeg\" \/>\n<meta name=\"twitter:card\" content=\"summary_large_image\" \/>\n<meta name=\"twitter:site\" content=\"@ar_gamma\" \/>\n<meta name=\"twitter:label1\" content=\"Dur\u00e9e de lecture estim\u00e9e\" \/>\n\t<meta name=\"twitter:data1\" content=\"2 minutes\" \/>\n<script type=\"application\/ld+json\" class=\"yoast-schema-graph\">{\"@context\":\"https:\/\/schema.org\",\"@graph\":[{\"@type\":\"WebPage\",\"@id\":\"https:\/\/gamma-ar.com\/fr\/blog\/\",\"url\":\"https:\/\/gamma-ar.com\/fr\/blog\/\",\"name\":\"Blog - GAMMA AR\",\"isPartOf\":{\"@id\":\"https:\/\/gamma-ar.com\/fr\/#website\"},\"datePublished\":\"2021-11-24T14:35:44+00:00\",\"dateModified\":\"2022-09-08T09:41:58+00:00\",\"breadcrumb\":{\"@id\":\"https:\/\/gamma-ar.com\/fr\/blog\/#breadcrumb\"},\"inLanguage\":\"fr-FR\",\"potentialAction\":[{\"@type\":\"ReadAction\",\"target\":[\"https:\/\/gamma-ar.com\/fr\/blog\/\"]}]},{\"@type\":\"BreadcrumbList\",\"@id\":\"https:\/\/gamma-ar.com\/fr\/blog\/#breadcrumb\",\"itemListElement\":[{\"@type\":\"ListItem\",\"position\":1,\"name\":\"Home\",\"item\":\"https:\/\/gamma-ar.com\/fr\/?lang=fr\"},{\"@type\":\"ListItem\",\"position\":2,\"name\":\"Blog\"}]},{\"@type\":\"WebSite\",\"@id\":\"https:\/\/gamma-ar.com\/fr\/#website\",\"url\":\"https:\/\/gamma-ar.com\/fr\/\",\"name\":\"GAMMA AR\",\"description\":\"BIM AR Construction App\",\"publisher\":{\"@id\":\"https:\/\/gamma-ar.com\/fr\/#organization\"},\"potentialAction\":[{\"@type\":\"SearchAction\",\"target\":{\"@type\":\"EntryPoint\",\"urlTemplate\":\"https:\/\/gamma-ar.com\/fr\/?s={search_term_string}\"},\"query-input\":{\"@type\":\"PropertyValueSpecification\",\"valueRequired\":true,\"valueName\":\"search_term_string\"}}],\"inLanguage\":\"fr-FR\"},{\"@type\":\"Organization\",\"@id\":\"https:\/\/gamma-ar.com\/fr\/#organization\",\"name\":\"GAMMA AR\",\"url\":\"https:\/\/gamma-ar.com\/fr\/\",\"logo\":{\"@type\":\"ImageObject\",\"inLanguage\":\"fr-FR\",\"@id\":\"https:\/\/gamma-ar.com\/fr\/#\/schema\/logo\/image\/\",\"url\":\"https:\/\/gamma-ar.com\/wp-content\/uploads\/2021\/08\/gamma-ar-full-name-logo.png\",\"contentUrl\":\"https:\/\/gamma-ar.com\/wp-content\/uploads\/2021\/08\/gamma-ar-full-name-logo.png\",\"width\":1920,\"height\":336,\"caption\":\"GAMMA AR\"},\"image\":{\"@id\":\"https:\/\/gamma-ar.com\/fr\/#\/schema\/logo\/image\/\"},\"sameAs\":[\"https:\/\/www.facebook.com\/gammaar\",\"https:\/\/x.com\/ar_gamma\",\"https:\/\/www.instagram.com\/gamma_ar\/\",\"https:\/\/www.linkedin.com\/company\/gamma-technologies-ar-bim\/\",\"https:\/\/www.youtube.com\/channel\/UC_1M64ySf72qjpFls3isrSg\"]}]}<\/script>\n<!-- \/ Yoast SEO plugin. -->","yoast_head_json":{"title":"Blog - GAMMA AR","robots":{"index":"index","follow":"follow","max-snippet":"max-snippet:-1","max-image-preview":"max-image-preview:large","max-video-preview":"max-video-preview:-1"},"canonical":"https:\/\/gamma-ar.com\/fr\/blog\/","og_locale":"fr_FR","og_type":"article","og_title":"Blog - GAMMA AR","og_description":"Le blog de la construction num\u00e9rique","og_url":"https:\/\/gamma-ar.com\/fr\/blog\/","og_site_name":"GAMMA AR","article_publisher":"https:\/\/www.facebook.com\/gammaar","article_modified_time":"2022-09-08T09:41:58+00:00","og_image":[{"width":1920,"height":1280,"url":"https:\/\/gamma-ar.com\/wp-content\/uploads\/2021\/12\/bim-ar-construction-app-porr-gamma-ar.jpg","type":"image\/jpeg"}],"twitter_card":"summary_large_image","twitter_site":"@ar_gamma","twitter_misc":{"Dur\u00e9e de lecture estim\u00e9e":"2 minutes"},"schema":{"@context":"https:\/\/schema.org","@graph":[{"@type":"WebPage","@id":"https:\/\/gamma-ar.com\/fr\/blog\/","url":"https:\/\/gamma-ar.com\/fr\/blog\/","name":"Blog - GAMMA AR","isPartOf":{"@id":"https:\/\/gamma-ar.com\/fr\/#website"},"datePublished":"2021-11-24T14:35:44+00:00","dateModified":"2022-09-08T09:41:58+00:00","breadcrumb":{"@id":"https:\/\/gamma-ar.com\/fr\/blog\/#breadcrumb"},"inLanguage":"fr-FR","potentialAction":[{"@type":"ReadAction","target":["https:\/\/gamma-ar.com\/fr\/blog\/"]}]},{"@type":"BreadcrumbList","@id":"https:\/\/gamma-ar.com\/fr\/blog\/#breadcrumb","itemListElement":[{"@type":"ListItem","position":1,"name":"Home","item":"https:\/\/gamma-ar.com\/fr\/?lang=fr"},{"@type":"ListItem","position":2,"name":"Blog"}]},{"@type":"WebSite","@id":"https:\/\/gamma-ar.com\/fr\/#website","url":"https:\/\/gamma-ar.com\/fr\/","name":"GAMMA AR","description":"BIM AR Construction App","publisher":{"@id":"https:\/\/gamma-ar.com\/fr\/#organization"},"potentialAction":[{"@type":"SearchAction","target":{"@type":"EntryPoint","urlTemplate":"https:\/\/gamma-ar.com\/fr\/?s={search_term_string}"},"query-input":{"@type":"PropertyValueSpecification","valueRequired":true,"valueName":"search_term_string"}}],"inLanguage":"fr-FR"},{"@type":"Organization","@id":"https:\/\/gamma-ar.com\/fr\/#organization","name":"GAMMA AR","url":"https:\/\/gamma-ar.com\/fr\/","logo":{"@type":"ImageObject","inLanguage":"fr-FR","@id":"https:\/\/gamma-ar.com\/fr\/#\/schema\/logo\/image\/","url":"https:\/\/gamma-ar.com\/wp-content\/uploads\/2021\/08\/gamma-ar-full-name-logo.png","contentUrl":"https:\/\/gamma-ar.com\/wp-content\/uploads\/2021\/08\/gamma-ar-full-name-logo.png","width":1920,"height":336,"caption":"GAMMA AR"},"image":{"@id":"https:\/\/gamma-ar.com\/fr\/#\/schema\/logo\/image\/"},"sameAs":["https:\/\/www.facebook.com\/gammaar","https:\/\/x.com\/ar_gamma","https:\/\/www.instagram.com\/gamma_ar\/","https:\/\/www.linkedin.com\/company\/gamma-technologies-ar-bim\/","https:\/\/www.youtube.com\/channel\/UC_1M64ySf72qjpFls3isrSg"]}]}},"_links":{"self":[{"href":"https:\/\/gamma-ar.com\/fr\/wp-json\/wp\/v2\/pages\/13508","targetHints":{"allow":["GET"]}}],"collection":[{"href":"https:\/\/gamma-ar.com\/fr\/wp-json\/wp\/v2\/pages"}],"about":[{"href":"https:\/\/gamma-ar.com\/fr\/wp-json\/wp\/v2\/types\/page"}],"author":[{"embeddable":true,"href":"https:\/\/gamma-ar.com\/fr\/wp-json\/wp\/v2\/users\/1"}],"replies":[{"embeddable":true,"href":"https:\/\/gamma-ar.com\/fr\/wp-json\/wp\/v2\/comments?post=13508"}],"version-history":[{"count":14,"href":"https:\/\/gamma-ar.com\/fr\/wp-json\/wp\/v2\/pages\/13508\/revisions"}],"predecessor-version":[{"id":21114,"href":"https:\/\/gamma-ar.com\/fr\/wp-json\/wp\/v2\/pages\/13508\/revisions\/21114"}],"wp:attachment":[{"href":"https:\/\/gamma-ar.com\/fr\/wp-json\/wp\/v2\/media?parent=13508"}],"curies":[{"name":"wp","href":"https:\/\/api.w.org\/{rel}","templated":true}]}}